{"id":1763,"date":"2023-10-30T07:20:12","date_gmt":"2023-10-30T06:20:12","guid":{"rendered":"http:\/\/fotogator.dk\/?page_id=1763"},"modified":"2024-11-12T13:22:20","modified_gmt":"2024-11-12T12:22:20","slug":"kobbilleder","status":"publish","type":"page","link":"http:\/\/fotogator.dk\/index.php\/kobbilleder\/","title":{"rendered":"K\u00f8b billeder"},"content":{"rendered":"\t\t<div data-elementor-type=\"wp-post\" data-elementor-id=\"1763\" class=\"elementor elementor-1763\" data-elementor-post-type=\"page\">\n\t\t\t\t\t\t<section class=\"elementor-section elementor-top-section elementor-element elementor-element-797db47 elementor-section-content-middle elementor-section-boxed elementor-section-height-default elementor-section-height-default\" data-id=\"797db47\" data-element_type=\"section\" data-settings=\"{&quot;background_background&quot;:&quot;classic&quot;}\">\n\t\t\t\t\t\t\t<div class=\"elementor-background-overlay\"><\/div>\n\t\t\t\t\t\t\t<div class=\"elementor-container elementor-column-gap-no\">\n\t\t\t\t\t<div class=\"elementor-column elementor-col-100 elementor-top-column elementor-element elementor-element-3a97898\" data-id=\"3a97898\" data-element_type=\"column\">\n\t\t\t<div class=\"elementor-widget-wrap elementor-element-populated\">\n\t\t\t\t\t\t<div class=\"elementor-element elementor-element-0c2a68e elementor-widget elementor-widget-heading\" data-id=\"0c2a68e\" data-element_type=\"widget\" data-widget_type=\"heading.default\">\n\t\t\t\t<div class=\"elementor-widget-container\">\n\t\t\t\t\t<h2 class=\"elementor-heading-title elementor-size-xxl\">K\u00f8b billeder<\/h2>\t\t\t\t<\/div>\n\t\t\t\t<\/div>\n\t\t\t\t<div class=\"elementor-element elementor-element-ff2b053 elementor-widget elementor-widget-text-editor\" data-id=\"ff2b053\" data-element_type=\"widget\" data-widget_type=\"text-editor.default\">\n\t\t\t\t<div class=\"elementor-widget-container\">\n\t\t\t\t\t\t\t\t\t<p>Se og k\u00f8b billeder fra databasen<\/p>\t\t\t\t\t\t\t\t<\/div>\n\t\t\t\t<\/div>\n\t\t\t\t<div class=\"elementor-element elementor-element-e338314 elementor-widget elementor-widget-text-editor\" data-id=\"e338314\" data-element_type=\"widget\" data-widget_type=\"text-editor.default\">\n\t\t\t\t<div class=\"elementor-widget-container\">\n\t\t\t\t\t\t\t\t\t<p><strong>Alle billeder p\u00e5 Fotogator databasen kan du frit se og downloade uden at logge ind, men er beskyttet af lov om ophavsret. Denne ret kan ikke overdrages eller k\u00f8bes, men du har gratis brugsretten til det enkelte billede, s\u00e5 l\u00e6nge du ikke bruger billedet kommercielt uden en fast aftale.<\/strong><\/p>\t\t\t\t\t\t\t\t<\/div>\n\t\t\t\t<\/div>\n\t\t\t\t\t<\/div>\n\t\t<\/div>\n\t\t\t\t\t<\/div>\n\t\t<\/section>\n\t\t\t\t<section class=\"elementor-section elementor-top-section elementor-element elementor-element-42ad21f elementor-section-boxed elementor-section-height-default elementor-section-height-default\" data-id=\"42ad21f\" data-element_type=\"section\">\n\t\t\t\t\t\t<div class=\"elementor-container elementor-column-gap-default\">\n\t\t\t\t\t<div class=\"elementor-column elementor-col-100 elementor-top-column elementor-element elementor-element-1cb3135\" data-id=\"1cb3135\" data-element_type=\"column\">\n\t\t\t<div class=\"elementor-widget-wrap elementor-element-populated\">\n\t\t\t\t\t\t<div class=\"elementor-element elementor-element-87a621d elementor-widget elementor-widget-text-editor\" data-id=\"87a621d\" data-element_type=\"widget\" data-widget_type=\"text-editor.default\">\n\t\t\t\t<div class=\"elementor-widget-container\">\n\t\t\t\t\t\t\t\t\t<p>Alle billeder i databasen kan du selv downloade. N\u00e5r du ser billedet, s\u00e5 kan du ude til h\u00f8jre i \u00f8verste hj\u00f8rne, se en pil nedad <img decoding=\"async\" class=\"alignnone size-full wp-image-2181\" src=\"http:\/\/fotogator.dk\/wp-content\/uploads\/2024\/11\/Download.png\" alt=\"\" width=\"27\" height=\"26\" \/>. N\u00e5r du v\u00e6lger denne pil ser du teksten &#8220;Download denne fil&#8221;. Klik p\u00e5 den og du f\u00e5r filen tilsendt.<\/p><p>Hvis du ikke selv kan printe billedet m\u00e5 du kontakte os og aftale format,\u00a0 forsendelse og pris i hvert enkelt tilf\u00e6lde.<\/p>\t\t\t\t\t\t\t\t<\/div>\n\t\t\t\t<\/div>\n\t\t\t\t\t<\/div>\n\t\t<\/div>\n\t\t\t\t\t<\/div>\n\t\t<\/section>\n\t\t\t\t<\/div>\n\t\t","protected":false},"excerpt":{"rendered":"<p>K\u00f8b billeder Se og k\u00f8b billeder fra databasen Alle billeder p\u00e5 Fotogator databasen kan du frit se og downloade uden at logge ind, men er beskyttet af lov om ophavsret. Denne ret kan ikke overdrages eller k\u00f8bes, men du har gratis brugsretten til det enkelte billede, s\u00e5 l\u00e6nge du ikke bruger billedet kommercielt uden en [&hellip;]<\/p>\n","protected":false},"author":1,"featured_media":0,"parent":0,"menu_order":0,"comment_status":"closed","ping_status":"closed","template":"","meta":{"site-sidebar-layout":"no-sidebar","site-content-layout":"page-builder","ast-site-content-layout":"","site-content-style":"default","site-sidebar-style":"default","ast-global-header-display":"","ast-banner-title-visibility":"","ast-main-header-display":"","ast-hfb-above-header-display":"","ast-hfb-below-header-display":"","ast-hfb-mobile-header-display":"","site-post-title":"disabled","ast-breadcrumbs-content":"","ast-featured-img":"disabled","footer-sml-layout":"","theme-transparent-header-meta":"enabled","adv-header-id-meta":"","stick-header-meta":"","header-above-stick-meta":"","header-main-stick-meta":"","header-below-stick-meta":"","astra-migrate-meta-layouts":"default","ast-page-background-enabled":"default","ast-page-background-meta":{"desktop":{"background-color":"","background-image":"","background-repeat":"repeat","background-position":"center center","background-size":"auto","background-attachment":"scroll","background-type":"","background-media":"","overlay-type":"","overlay-color":"","overlay-opacity":"","overlay-gradient":""},"tablet":{"background-color":"","background-image":"","background-repeat":"repeat","background-position":"center center","background-size":"auto","background-attachment":"scroll","background-type":"","background-media":"","overlay-type":"","overlay-color":"","overlay-opacity":"","overlay-gradient":""},"mobile":{"background-color":"","background-image":"","background-repeat":"repeat","background-position":"center center","background-size":"auto","background-attachment":"scroll","background-type":"","background-media":"","overlay-type":"","overlay-color":"","overlay-opacity":"","overlay-gradient":""}},"ast-content-background-meta":{"desktop":{"background-color":"var(--ast-global-color-5)","background-image":"","background-repeat":"repeat","background-position":"center center","background-size":"auto","background-attachment":"scroll","background-type":"","background-media":"","overlay-type":"","overlay-color":"","overlay-opacity":"","overlay-gradient":""},"tablet":{"background-color":"var(--ast-global-color-5)","background-image":"","background-repeat":"repeat","background-position":"center center","background-size":"auto","background-attachment":"scroll","background-type":"","background-media":"","overlay-type":"","overlay-color":"","overlay-opacity":"","overlay-gradient":""},"mobile":{"background-color":"var(--ast-global-color-5)","background-image":"","background-repeat":"repeat","background-position":"center center","background-size":"auto","background-attachment":"scroll","background-type":"","background-media":"","overlay-type":"","overlay-color":"","overlay-opacity":"","overlay-gradient":""}},"footnotes":""},"class_list":["post-1763","page","type-page","status-publish","hentry"],"_links":{"self":[{"href":"http:\/\/fotogator.dk\/index.php\/wp-json\/wp\/v2\/pages\/1763","targetHints":{"allow":["GET"]}}],"collection":[{"href":"http:\/\/fotogator.dk\/index.php\/wp-json\/wp\/v2\/pages"}],"about":[{"href":"http:\/\/fotogator.dk\/index.php\/wp-json\/wp\/v2\/types\/page"}],"author":[{"embeddable":true,"href":"http:\/\/fotogator.dk\/index.php\/wp-json\/wp\/v2\/users\/1"}],"replies":[{"embeddable":true,"href":"http:\/\/fotogator.dk\/index.php\/wp-json\/wp\/v2\/comments?post=1763"}],"version-history":[{"count":88,"href":"http:\/\/fotogator.dk\/index.php\/wp-json\/wp\/v2\/pages\/1763\/revisions"}],"predecessor-version":[{"id":2184,"href":"http:\/\/fotogator.dk\/index.php\/wp-json\/wp\/v2\/pages\/1763\/revisions\/2184"}],"wp:attachment":[{"href":"http:\/\/fotogator.dk\/index.php\/wp-json\/wp\/v2\/media?parent=1763"}],"curies":[{"name":"wp","href":"https:\/\/api.w.org\/{rel}","templated":true}]}}